{"id":6708,"date":"2025-10-22T07:54:00","date_gmt":"2025-10-22T05:54:00","guid":{"rendered":"https:\/\/lookhat.fr\/?post_type=product&#038;p=6708"},"modified":"2026-03-27T16:31:46","modified_gmt":"2026-03-27T15:31:46","slug":"casquette-plate-6-pans-cuir-et-laine-patchwork","status":"publish","type":"product","link":"https:\/\/lookhat.fr\/?product=casquette-plate-6-pans-cuir-et-laine-patchwork","title":{"rendered":"casquette plate 6 pans cuir et laine patchwork"},"content":{"rendered":"<p>couleur: cuir cognac<\/p>\n<p>patchwork kaki<\/p>\n<p>mati\u00e8re: 1) cuir v\u00e9ritable<\/p>\n<p>2) 80% laine 20% polyester<\/p>\n<p>doublure matelass\u00e9e<\/p>\n<p>taille: 55\/56\/57\/58\/59\/60\/61<\/p>\n<p>fabrication italienne<\/p>\n","protected":false},"excerpt":{"rendered":"<p>couleur: cuir cognac patchwork kaki mati\u00e8re: 1) cuir v\u00e9ritable 2) 80% laine 20% polyester doublure matelass\u00e9e taille: 55\/56\/57\/58\/59\/60\/61 fabrication italienne<\/p>\n","protected":false},"featured_media":6685,"comment_status":"open","ping_status":"closed","template":"","meta":[],"product_brand":[],"product_cat":[29],"product_tag":[],"class_list":{"0":"post-6708","1":"product","2":"type-product","3":"status-publish","4":"has-post-thumbnail","6":"product_cat-casquettes-plates","8":"first","9":"instock","10":"shipping-taxable","11":"purchasable","12":"product-type-variable"},"_links":{"self":[{"href":"https:\/\/lookhat.fr\/index.php?rest_route=\/wp\/v2\/product\/6708","targetHints":{"allow":["GET"]}}],"collection":[{"href":"https:\/\/lookhat.fr\/index.php?rest_route=\/wp\/v2\/product"}],"about":[{"href":"https:\/\/lookhat.fr\/index.php?rest_route=\/wp\/v2\/types\/product"}],"replies":[{"embeddable":true,"href":"https:\/\/lookhat.fr\/index.php?rest_route=%2Fwp%2Fv2%2Fcomments&post=6708"}],"wp:featuredmedia":[{"embeddable":true,"href":"https:\/\/lookhat.fr\/index.php?rest_route=\/wp\/v2\/media\/6685"}],"wp:attachment":[{"href":"https:\/\/lookhat.fr\/index.php?rest_route=%2Fwp%2Fv2%2Fmedia&parent=6708"}],"wp:term":[{"taxonomy":"product_brand","embeddable":true,"href":"https:\/\/lookhat.fr\/index.php?rest_route=%2Fwp%2Fv2%2Fproduct_brand&post=6708"},{"taxonomy":"product_cat","embeddable":true,"href":"https:\/\/lookhat.fr\/index.php?rest_route=%2Fwp%2Fv2%2Fproduct_cat&post=6708"},{"taxonomy":"product_tag","embeddable":true,"href":"https:\/\/lookhat.fr\/index.php?rest_route=%2Fwp%2Fv2%2Fproduct_tag&post=6708"}],"curies":[{"name":"wp","href":"https:\/\/api.w.org\/{rel}","templated":true}]}}